{"id":262,"date":"2026-01-17T02:05:28","date_gmt":"2026-01-17T02:05:28","guid":{"rendered":"https:\/\/demo.foebbva.com\/wpfoe\/?page_id=262"},"modified":"2026-03-31T17:05:52","modified_gmt":"2026-03-31T17:05:52","slug":"ahorros-e-inversion","status":"publish","type":"page","link":"https:\/\/www.foebbva.com\/index.php\/ahorros-e-inversion\/","title":{"rendered":"AHORROS E INVERSI\u00d3N"},"content":{"rendered":"<p>[et_pb_section fb_built=\u00bb1&#8243; admin_label=\u00bbFeature\u00bb _builder_version=\u00bb4.27.6&#8243; _module_preset=\u00bbdefault\u00bb background_color=\u00bb#9fe0fc\u00bb use_background_color_gradient=\u00bbon\u00bb background_color_gradient_direction=\u00bb90deg\u00bb background_color_gradient_stops=\u00bbrgba(0,0,0,0.08) 30%|rgba(0,0,0,0) 30%\u00bb background_color_gradient_start=\u00bbrgba(0,0,0,0.08)\u00bb background_color_gradient_start_position=\u00bb30%\u00bb background_color_gradient_end=\u00bbrgba(0,0,0,0)\u00bb background_color_gradient_end_position=\u00bb30%\u00bb custom_padding=\u00bb0px||0px||false|false\u00bb hover_enabled=\u00bb0&#8243; locked=\u00bboff\u00bb global_colors_info=\u00bb{}\u00bb background_last_edited=\u00bbon|phone\u00bb background_color_phone=\u00bb#FFFFFF\u00bb background_enable_color_phone=\u00bbon\u00bb background_color_gradient_stops_phone=\u00bbrgba(0,0,0,0.08) 0%|rgba(0,0,0,0) 0%\u00bb use_background_color_gradient_phone=\u00bbon\u00bb sticky_enabled=\u00bb0&#8243;][et_pb_row column_structure=\u00bb1_2,1_2&#8243; _builder_version=\u00bb4.27.6&#8243; _module_preset=\u00bbdefault\u00bb custom_margin=\u00bb0px|auto||auto|false|false\u00bb custom_padding=\u00bb||3px|||\u00bb hover_enabled=\u00bb0&#8243; locked=\u00bboff\u00bb global_colors_info=\u00bb{}\u00bb sticky_enabled=\u00bb0&#8243;][et_pb_column type=\u00bb1_2&#8243; _builder_version=\u00bb4.27.6&#8243; _module_preset=\u00bbdefault\u00bb hover_enabled=\u00bb0&#8243; global_colors_info=\u00bb{}\u00bb sticky_enabled=\u00bb0&#8243;][et_pb_image src=\u00bbhttps:\/\/demo.foebbva.com\/wpfoe\/wp-content\/uploads\/2026\/03\/ahorro_inversion_v2.png\u00bb title_text=\u00bbahorro_inversion_v2&#8243; show_bottom_space=\u00bboff\u00bb _builder_version=\u00bb4.27.6&#8243; _module_preset=\u00bbdefault\u00bb transform_scale=\u00bb88%|88%\u00bb transform_translate=\u00bb-4px|-138px\u00bb custom_margin=\u00bb82px||||false|false\u00bb hover_enabled=\u00bb0&#8243; global_colors_info=\u00bb{}\u00bb sticky_enabled=\u00bb0&#8243;][\/et_pb_image][et_pb_image src=\u00bbhttps:\/\/demo.foebbva.com\/wpfoe\/wp-content\/uploads\/2026\/01\/telehealth-28.png\u00bb title_text=\u00bbtelehealth-28&#8243; align_tablet=\u00bbleft\u00bb align_phone=\u00bbright\u00bb align_last_edited=\u00bbon|phone\u00bb _builder_version=\u00bb4.16&#8243; _module_preset=\u00bbdefault\u00bb positioning=\u00bbabsolute\u00bb vertical_offset=\u00bb-174px\u00bb horizontal_offset=\u00bb29%\u00bb width=\u00bb21%\u00bb width_tablet=\u00bb50%\u00bb width_phone=\u00bb30%\u00bb width_last_edited=\u00bboff|desktop\u00bb scroll_rotating_enable=\u00bbon\u00bb scroll_rotating=\u00bb0|50|50|100|20\u00b0|15\u00b0|-50\u00b0\u00bb motion_trigger_start=\u00bbbottom\u00bb global_colors_info=\u00bb{}\u00bb][\/et_pb_image][\/et_pb_column][et_pb_column type=\u00bb1_2&#8243; _builder_version=\u00bb4.27.6&#8243; _module_preset=\u00bbdefault\u00bb hover_enabled=\u00bb0&#8243; global_colors_info=\u00bb{}\u00bb sticky_enabled=\u00bb0&#8243;][et_pb_text _builder_version=\u00bb4.27.6&#8243; _module_preset=\u00bb1da4c4f2-8e53-4788-a9f5-4d073216150a\u00bb header_2_font=\u00bb|800|||||||\u00bb header_2_text_color=\u00bb#0034B7&#8243; header_2_font_size=\u00bb36px\u00bb header_2_line_height=\u00bb1.1em\u00bb custom_margin=\u00bb5px||0px|||\u00bb header_2_font_size_tablet=\u00bb34px\u00bb header_2_font_size_phone=\u00bb24px\u00bb header_2_font_size_last_edited=\u00bbon|phone\u00bb global_colors_info=\u00bb{}\u00bb]<\/p>\n<h2>Ahorros<strong> e Inversi\u00f3n<\/strong><\/h2>\n<p>[\/et_pb_text][et_pb_text _builder_version=\u00bb4.27.6&#8243; _module_preset=\u00bbfb3d65bf-a8b3-4897-95f4-4b2325e4d896&#8243; text_text_color=\u00bb#002E3F\u00bb text_font_size=\u00bb16px\u00bb text_line_height=\u00bb1.8em\u00bb link_text_color=\u00bb#003E51&#8243; custom_margin=\u00bb||39px|||\u00bb text_font_size_tablet=\u00bb15px\u00bb text_font_size_phone=\u00bb14px\u00bb text_font_size_last_edited=\u00bbon|phone\u00bb global_colors_info=\u00bb{}\u00bb]<\/p>\n<p>Construye tu futuro con alternativas de ahorro e inversi\u00f3n que trabajan a tu favor.<br \/>Ahorra de forma constante, haz crecer tu dinero y accede a beneficios dise\u00f1ados para ayudarte a cumplir tus metas, con una rentabilidad competitiva y condiciones claras.<\/p>\n<ul>\n<li style=\"text-align: justify;\"><strong>Reconocimiento de intereses: seg\u00fan productos sin penalizaci\u00f3n.<\/strong><\/li>\n<\/ul>\n<p>[\/et_pb_text][\/et_pb_column][\/et_pb_row][\/et_pb_section][et_pb_section fb_built=\u00bb1&#8243; admin_label=\u00bbHeader\u00bb _builder_version=\u00bb4.16&#8243; _module_preset=\u00bbdefault\u00bb custom_margin=\u00bb-115px|||||\u00bb custom_padding=\u00bb||2px|||\u00bb global_colors_info=\u00bb{}\u00bb][et_pb_row _builder_version=\u00bb4.16&#8243; _module_preset=\u00bbdefault\u00bb custom_padding=\u00bb||7px||false|false\u00bb global_colors_info=\u00bb{}\u00bb][et_pb_column type=\u00bb4_4&#8243; _builder_version=\u00bb4.16&#8243; _module_preset=\u00bbdefault\u00bb global_colors_info=\u00bb{}\u00bb][et_pb_text _builder_version=\u00bb4.27.6&#8243; _module_preset=\u00bbdefault\u00bb header_font=\u00bb|800|||||||\u00bb header_text_color=\u00bb#89DB12&#8243; header_font_size=\u00bb41px\u00bb header_line_height=\u00bb1.1em\u00bb header_2_font=\u00bbRoboto|300||on|||||\u00bb header_2_text_color=\u00bb#000000&#8243; header_2_font_size=\u00bb15px\u00bb header_2_letter_spacing=\u00bb1px\u00bb header_2_line_height=\u00bb1.3em\u00bb text_orientation=\u00bbcenter\u00bb text_font_size_tablet=\u00bb\u00bb text_font_size_phone=\u00bb\u00bb text_font_size_last_edited=\u00bbon|desktop\u00bb header_font_size_tablet=\u00bb44px\u00bb header_font_size_phone=\u00bb32px\u00bb header_font_size_last_edited=\u00bbon|phone\u00bb locked=\u00bboff\u00bb global_colors_info=\u00bb{}\u00bb]<\/p>\n<h1>L\u00edneas de Ahorro<\/h1>\n<p>[\/et_pb_text][\/et_pb_column][\/et_pb_row][\/et_pb_section][et_pb_section fb_built=\u00bb1&#8243; _builder_version=\u00bb4.27.5&#8243; _module_preset=\u00bbdefault\u00bb custom_margin=\u00bb||26px|||\u00bb custom_padding=\u00bb2px||24px|||\u00bb global_colors_info=\u00bb{}\u00bb][et_pb_row column_structure=\u00bb2_5,3_5&#8243; _builder_version=\u00bb4.27.6&#8243; _module_preset=\u00bbdefault\u00bb custom_margin=\u00bb0px|auto||auto|false|false\u00bb hover_enabled=\u00bb0&#8243; locked=\u00bboff\u00bb global_colors_info=\u00bb{}\u00bb sticky_enabled=\u00bb0&#8243;][et_pb_column type=\u00bb2_5&#8243; _builder_version=\u00bb4.16&#8243; _module_preset=\u00bbdefault\u00bb global_colors_info=\u00bb{}\u00bb][et_pb_image src=\u00bbhttps:\/\/demo.foebbva.com\/wpfoe\/wp-content\/uploads\/2026\/03\/img_ahorro_permanente.png\u00bb title_text=\u00bbimg_ahorro_permanente\u00bb _builder_version=\u00bb4.27.6&#8243; _module_preset=\u00bbdefault\u00bb transform_translate=\u00bb-4px|67px\u00bb custom_margin=\u00bb||84px||false|false\u00bb border_radii=\u00bboff||250px|250px|250px\u00bb global_colors_info=\u00bb{}\u00bb][\/et_pb_image][\/et_pb_column][et_pb_column type=\u00bb3_5&#8243; _builder_version=\u00bb4.27.5&#8243; _module_preset=\u00bbdefault\u00bb custom_padding=\u00bb0px||||false|false\u00bb global_colors_info=\u00bb{}\u00bb][et_pb_text _builder_version=\u00bb4.27.6&#8243; _module_preset=\u00bb1da4c4f2-8e53-4788-a9f5-4d073216150a\u00bb header_2_font=\u00bb|800|||||||\u00bb header_2_text_color=\u00bb#89DB12&#8243; header_2_font_size=\u00bb50px\u00bb header_2_line_height=\u00bb1.1em\u00bb custom_margin=\u00bb||-1px|||\u00bb header_2_font_size_tablet=\u00bb34px\u00bb header_2_font_size_phone=\u00bb24px\u00bb header_2_font_size_last_edited=\u00bbon|phone\u00bb locked=\u00bboff\u00bb global_colors_info=\u00bb{}\u00bb]<\/p>\n<h2>Ahorros Permanentes<\/h2>\n<p>[\/et_pb_text][et_pb_text _builder_version=\u00bb4.27.6&#8243; _module_preset=\u00bb1da4c4f2-8e53-4788-a9f5-4d073216150a\u00bb header_2_font=\u00bb|600|||||||\u00bb header_2_text_color=\u00bb#0034B7&#8243; header_2_font_size=\u00bb20px\u00bb header_2_line_height=\u00bb1.1em\u00bb custom_margin=\u00bb||15px|||\u00bb header_2_font_size_tablet=\u00bb34px\u00bb header_2_font_size_phone=\u00bb24px\u00bb header_2_font_size_last_edited=\u00bbon|phone\u00bb locked=\u00bboff\u00bb global_colors_info=\u00bb{}\u00bb]<\/p>\n<h2>Aportes Sociales y Ahorro Permanente:<\/h2>\n<p>[\/et_pb_text][et_pb_divider color=\u00bb#0034B7&#8243; divider_weight=\u00bb5px\u00bb _builder_version=\u00bb4.27.5&#8243; _module_preset=\u00bbdefault\u00bb width=\u00bb22%\u00bb module_alignment=\u00bbleft\u00bb custom_margin=\u00bb||2px|||\u00bb locked=\u00bboff\u00bb global_colors_info=\u00bb{}\u00bb][\/et_pb_divider][et_pb_text _builder_version=\u00bb4.27.6&#8243; _module_preset=\u00bbfb3d65bf-a8b3-4897-95f4-4b2325e4d896&#8243; text_font_size=\u00bb16px\u00bb text_line_height=\u00bb1.8em\u00bb link_text_color=\u00bb#003E51&#8243; custom_margin=\u00bb||9px|||\u00bb text_font_size_tablet=\u00bb15px\u00bb text_font_size_phone=\u00bb14px\u00bb text_font_size_last_edited=\u00bbon|phone\u00bb locked=\u00bboff\u00bb global_colors_info=\u00bb{}\u00bb]<\/p>\n<p style=\"text-align: justify;\">Corresponden al ahorro que realizas a largo plazo, el cual te otorga la calidad de asociado y te permite acceder a todos los beneficios del Fondo. El valor acumulado por ambos conceptos se entrega al momento de la desvinculaci\u00f3n como asociado, junto con el porcentaje de valorizaci\u00f3n definido anualmente por la Asamblea.<\/p>\n<p><strong>Porcentaje de aporte:<\/strong><\/p>\n<ul>\n<li>5% al 10% del Salario Mensual.<\/li>\n<li>3,18% salario Integral Mensual.<\/li>\n<\/ul>\n<p>[\/et_pb_text][\/et_pb_column][\/et_pb_row][et_pb_row column_structure=\u00bb2_5,3_5&#8243; _builder_version=\u00bb4.27.5&#8243; _module_preset=\u00bbdefault\u00bb custom_margin=\u00bb17px|auto||auto|false|false\u00bb locked=\u00bboff\u00bb global_colors_info=\u00bb{}\u00bb custom_padding=\u00bb0px|||||\u00bb][et_pb_column type=\u00bb2_5&#8243; _builder_version=\u00bb4.16&#8243; _module_preset=\u00bbdefault\u00bb global_colors_info=\u00bb{}\u00bb][et_pb_image src=\u00bbhttps:\/\/demo.foebbva.com\/wpfoe\/wp-content\/uploads\/2026\/03\/img_ahorro_focalizados.png\u00bb title_text=\u00bbimg_ahorro_focalizados\u00bb _builder_version=\u00bb4.27.6&#8243; _module_preset=\u00bbdefault\u00bb transform_translate=\u00bb-4px|67px\u00bb custom_margin=\u00bb||41px||false|false\u00bb border_radii=\u00bboff||250px|250px|250px\u00bb global_colors_info=\u00bb{}\u00bb][\/et_pb_image][\/et_pb_column][et_pb_column type=\u00bb3_5&#8243; _builder_version=\u00bb4.27.5&#8243; _module_preset=\u00bbdefault\u00bb custom_padding=\u00bb0px||||false|false\u00bb global_colors_info=\u00bb{}\u00bb][et_pb_text _builder_version=\u00bb4.27.6&#8243; _module_preset=\u00bb1da4c4f2-8e53-4788-a9f5-4d073216150a\u00bb header_2_font=\u00bb|800|||||||\u00bb header_2_text_color=\u00bb#89DB12&#8243; header_2_font_size=\u00bb50px\u00bb header_2_line_height=\u00bb1.1em\u00bb custom_margin=\u00bb||-1px|||\u00bb header_2_font_size_tablet=\u00bb34px\u00bb header_2_font_size_phone=\u00bb24px\u00bb header_2_font_size_last_edited=\u00bbon|phone\u00bb locked=\u00bboff\u00bb global_colors_info=\u00bb{}\u00bb]<\/p>\n<h2>Ahorros Focalizados<\/h2>\n<p>[\/et_pb_text][et_pb_divider color=\u00bb#0034B7&#8243; divider_weight=\u00bb5px\u00bb _builder_version=\u00bb4.27.5&#8243; _module_preset=\u00bbdefault\u00bb width=\u00bb22%\u00bb module_alignment=\u00bbleft\u00bb custom_margin=\u00bb||2px|||\u00bb locked=\u00bboff\u00bb global_colors_info=\u00bb{}\u00bb][\/et_pb_divider][et_pb_text _builder_version=\u00bb4.27.5&#8243; _module_preset=\u00bbdefault\u00bb text_font_size=\u00bb16px\u00bb text_line_height=\u00bb1.5em\u00bb background_color=\u00bbRGBA(255,255,255,0)\u00bb custom_margin=\u00bb||10px|||\u00bb custom_padding=\u00bb12px|19px|12px|19px|true|true\u00bb border_radii=\u00bbon|16px|16px|16px|16px\u00bb border_width_all=\u00bb1px\u00bb border_color_all=\u00bbrgba(117,143,183,0.43)\u00bb global_colors_info=\u00bb{}\u00bb]<\/p>\n<p><strong>Ahorro Navide\u00f1o:<\/strong>Planea la mejor Navidad sin afectar tu bolsillo. Ahorra durante el a\u00f1o para cubrir los gastos familiares de fin de a\u00f1o. Tu ahorro se desembolsa y renueva autom\u00e1ticamente en diciembre.<\/p>\n<p>[\/et_pb_text][et_pb_text _builder_version=\u00bb4.27.5&#8243; _module_preset=\u00bbdefault\u00bb text_font_size=\u00bb16px\u00bb text_line_height=\u00bb1.5em\u00bb background_color=\u00bbRGBA(255,255,255,0)\u00bb custom_margin=\u00bb||10px|||\u00bb custom_padding=\u00bb12px|19px|12px|19px|true|true\u00bb border_radii=\u00bbon|16px|16px|16px|16px\u00bb border_width_all=\u00bb1px\u00bb border_color_all=\u00bbrgba(117,143,183,0.43)\u00bb global_colors_info=\u00bb{}\u00bb]<\/p>\n<p><strong>Ahorro juvenil: <\/strong>Ens\u00e9\u00f1ale a los m\u00e1s peque\u00f1os la importancia de ahorrar.<\/p>\n<p>[\/et_pb_text][et_pb_text _builder_version=\u00bb4.27.5&#8243; _module_preset=\u00bbdefault\u00bb text_font_size=\u00bb16px\u00bb text_line_height=\u00bb1.5em\u00bb background_color=\u00bbRGBA(255,255,255,0)\u00bb custom_margin=\u00bb||10px|||\u00bb custom_padding=\u00bb12px|19px|12px|19px|true|true\u00bb border_radii=\u00bbon|16px|16px|16px|16px\u00bb border_width_all=\u00bb1px\u00bb border_color_all=\u00bbrgba(117,143,183,0.43)\u00bb global_colors_info=\u00bb{}\u00bb]<\/p>\n<p><strong>Ahorro vacaciones: <\/strong>Prepara tu pr\u00f3ximo viaje sin endeudarte. Ahorra f\u00e1cil y disfruta tasas competitivas que te permiten disfrutar esas vacaciones que tanto deseas.<\/p>\n<p>[\/et_pb_text][\/et_pb_column][\/et_pb_row][\/et_pb_section][et_pb_section fb_built=\u00bb1&#8243; _builder_version=\u00bb4.27.5&#8243; _module_preset=\u00bbdefault\u00bb custom_padding=\u00bb11px||5px|||\u00bb global_colors_info=\u00bb{}\u00bb][et_pb_row column_structure=\u00bb1_4,3_4&#8243; use_custom_gutter=\u00bbon\u00bb gutter_width=\u00bb2&#8243; _builder_version=\u00bb4.27.6&#8243; _module_preset=\u00bbdefault\u00bb background_color=\u00bbRGBA(255,255,255,0)\u00bb module_alignment=\u00bbcenter\u00bb custom_margin=\u00bb||||false|false\u00bb custom_padding=\u00bb18px|0px|0px|0px|false|true\u00bb border_radii=\u00bboff||55px||55px\u00bb locked=\u00bboff\u00bb global_colors_info=\u00bb{}\u00bb][et_pb_column type=\u00bb1_4&#8243; _builder_version=\u00bb4.27.5&#8243; _module_preset=\u00bbdefault\u00bb global_colors_info=\u00bb{}\u00bb][et_pb_text _builder_version=\u00bb4.27.6&#8243; _module_preset=\u00bbfb3d65bf-a8b3-4897-95f4-4b2325e4d896&#8243; text_text_color=\u00bb#000000&#8243; text_font_size=\u00bb12px\u00bb text_line_height=\u00bb1.4em\u00bb link_text_color=\u00bb#003E51&#8243; transform_translate=\u00bb111px|0px\u00bb text_orientation=\u00bbcenter\u00bb custom_margin=\u00bb10px||9px|||\u00bb hover_enabled=\u00bb0&#8243; text_font_size_tablet=\u00bb15px\u00bb text_font_size_phone=\u00bb14px\u00bb text_font_size_last_edited=\u00bbon|phone\u00bb locked=\u00bboff\u00bb global_colors_info=\u00bb{}\u00bb sticky_enabled=\u00bb0&#8243;]<\/p>\n<p>*Aplican T\u00e9rminos y Condiciones:<span><\/span><\/p>\n<p>[\/et_pb_text][\/et_pb_column][et_pb_column type=\u00bb3_4&#8243; _builder_version=\u00bb4.27.5&#8243; _module_preset=\u00bbdefault\u00bb global_colors_info=\u00bb{}\u00bb][et_pb_button button_url=\u00bbhttps:\/\/www.foebbva.com\/wp-content\/uploads\/2026\/03\/reglamento_ahorros.pdf\u00bb url_new_window=\u00bbon\u00bb button_text=\u00bbReglamento de Ahorros Fondo de Empleados BBVA.\u00bb button_alignment=\u00bbcenter\u00bb _builder_version=\u00bb4.27.6&#8243; _module_preset=\u00bbdefault\u00bb custom_button=\u00bbon\u00bb button_text_size=\u00bb16px\u00bb button_text_color=\u00bb#000000&#8243; button_bg_color=\u00bb#84d110&#8243; button_border_color=\u00bbRGBA(255,255,255,0)\u00bb custom_margin=\u00bb||6px|||\u00bb locked=\u00bboff\u00bb global_colors_info=\u00bb{}\u00bb button_border_color__hover_enabled=\u00bbon|hover\u00bb button_border_color__hover=\u00bb#FFFFFF\u00bb button_bg_color__hover_enabled=\u00bbon|desktop\u00bb button_bg_color__hover=\u00bbRGBA(255,255,255,0)\u00bb button_bg_enable_color__hover=\u00bbon\u00bb][\/et_pb_button][\/et_pb_column][\/et_pb_row][et_pb_row _builder_version=\u00bb4.27.6&#8243; _module_preset=\u00bbdefault\u00bb custom_padding=\u00bb17px||2px|||\u00bb global_colors_info=\u00bb{}\u00bb][et_pb_column type=\u00bb4_4&#8243; _builder_version=\u00bb4.27.6&#8243; _module_preset=\u00bbdefault\u00bb global_colors_info=\u00bb{}\u00bb][et_pb_text _builder_version=\u00bb4.27.6&#8243; _module_preset=\u00bbdefault\u00bb text_font=\u00bb|700|||||||\u00bb header_text_align=\u00bbcenter\u00bb header_text_color=\u00bb#0034B7&#8243; header_font_size=\u00bb31px\u00bb custom_margin=\u00bb44px||3px|||\u00bb global_colors_info=\u00bb{}\u00bb]<\/p>\n<h1><strong>\u00a1Inicia tu ahorro hoy y comienza a cumplir tus metas!<\/strong><\/h1>\n<p>[\/et_pb_text][et_pb_button button_url=\u00bbhttps:\/\/virtual.foebbva.com\/cdigital\/aplicacion\/?id=54ed42b1373e4493af384e47c976c7a7#\u00bb button_text=\u00bbVisita la Sucursal Virtual\u00bb button_alignment=\u00bbcenter\u00bb _builder_version=\u00bb4.27.6&#8243; _module_preset=\u00bbdefault\u00bb custom_button=\u00bbon\u00bb button_text_color=\u00bb#FFFFFF\u00bb button_bg_color=\u00bb#0034B7&#8243; button_border_radius=\u00bb32px\u00bb button_font=\u00bb|600|||||||\u00bb button_icon=\u00bb&#x3d;||divi||400&#8243; button_on_hover=\u00bboff\u00bb global_colors_info=\u00bb{}\u00bb][\/et_pb_button][\/et_pb_column][\/et_pb_row][\/et_pb_section][et_pb_section fb_built=\u00bb1&#8243; admin_label=\u00bbTeam\u00bb _builder_version=\u00bb4.16&#8243; _module_preset=\u00bbdefault\u00bb custom_padding=\u00bb5px||8px|||\u00bb global_colors_info=\u00bb{}\u00bb][et_pb_row column_structure=\u00bb2_5,3_5&#8243; _builder_version=\u00bb4.27.5&#8243; _module_preset=\u00bbdefault\u00bb custom_margin=\u00bb17px|auto||auto|false|false\u00bb locked=\u00bboff\u00bb global_colors_info=\u00bb{}\u00bb][et_pb_column type=\u00bb2_5&#8243; _builder_version=\u00bb4.16&#8243; _module_preset=\u00bbdefault\u00bb global_colors_info=\u00bb{}\u00bb][et_pb_image src=\u00bbhttps:\/\/demo.foebbva.com\/wpfoe\/wp-content\/uploads\/2026\/03\/ahorro_cdat.jpg\u00bb title_text=\u00bbahorro_cdat\u00bb _builder_version=\u00bb4.27.6&#8243; _module_preset=\u00bbdefault\u00bb custom_margin=\u00bb||0px||false|false\u00bb border_radii=\u00bboff||250px|250px|250px\u00bb global_colors_info=\u00bb{}\u00bb][\/et_pb_image][\/et_pb_column][et_pb_column type=\u00bb3_5&#8243; _builder_version=\u00bb4.27.5&#8243; _module_preset=\u00bbdefault\u00bb custom_padding=\u00bb0px||||false|false\u00bb global_colors_info=\u00bb{}\u00bb][et_pb_text _builder_version=\u00bb4.27.6&#8243; _module_preset=\u00bb1da4c4f2-8e53-4788-a9f5-4d073216150a\u00bb header_2_font=\u00bb|800|||||||\u00bb header_2_text_color=\u00bb#89DB12&#8243; header_2_font_size=\u00bb50px\u00bb header_2_line_height=\u00bb1.1em\u00bb custom_margin=\u00bb||-1px|||\u00bb header_2_font_size_tablet=\u00bb34px\u00bb header_2_font_size_phone=\u00bb24px\u00bb header_2_font_size_last_edited=\u00bbon|phone\u00bb locked=\u00bboff\u00bb global_colors_info=\u00bb{}\u00bb]<\/p>\n<h2>CDAT<\/h2>\n<p>[\/et_pb_text][et_pb_text _builder_version=\u00bb4.27.6&#8243; _module_preset=\u00bb1da4c4f2-8e53-4788-a9f5-4d073216150a\u00bb header_2_font=\u00bb|600|||||||\u00bb header_2_text_color=\u00bb#0034B7&#8243; header_2_font_size=\u00bb20px\u00bb header_2_line_height=\u00bb1.1em\u00bb custom_margin=\u00bb||15px|||\u00bb header_2_font_size_tablet=\u00bb34px\u00bb header_2_font_size_phone=\u00bb24px\u00bb header_2_font_size_last_edited=\u00bbon|phone\u00bb locked=\u00bboff\u00bb global_colors_info=\u00bb{}\u00bb]<\/p>\n<h2>Certificado de Dep\u00f3sito de Ahorro a T\u00e9rmino<\/h2>\n<p>[\/et_pb_text][et_pb_divider color=\u00bb#0034B7&#8243; divider_weight=\u00bb5px\u00bb _builder_version=\u00bb4.27.5&#8243; _module_preset=\u00bbdefault\u00bb width=\u00bb22%\u00bb module_alignment=\u00bbleft\u00bb custom_margin=\u00bb||2px|||\u00bb locked=\u00bboff\u00bb global_colors_info=\u00bb{}\u00bb][\/et_pb_divider][et_pb_text _builder_version=\u00bb4.27.6&#8243; _module_preset=\u00bbfb3d65bf-a8b3-4897-95f4-4b2325e4d896&#8243; text_font_size=\u00bb16px\u00bb text_line_height=\u00bb1.8em\u00bb link_text_color=\u00bb#003E51&#8243; custom_margin=\u00bb||9px|||\u00bb text_font_size_tablet=\u00bb15px\u00bb text_font_size_phone=\u00bb14px\u00bb text_font_size_last_edited=\u00bbon|phone\u00bb locked=\u00bboff\u00bb global_colors_info=\u00bb{}\u00bb]<\/p>\n<p style=\"text-align: justify;\">Elige la seguridad y rentabilidad de nuestro CDAT. Una inversi\u00f3n sin riesgos, con tasas preferenciales y plazos que se adaptan a ti.<\/p>\n<p>[\/et_pb_text][et_pb_text _builder_version=\u00bb4.27.6&#8243; _module_preset=\u00bbfb3d65bf-a8b3-4897-95f4-4b2325e4d896&#8243; text_font_size=\u00bb16px\u00bb text_line_height=\u00bb1.8em\u00bb link_text_color=\u00bb#003E51&#8243; custom_margin=\u00bb||0px|||\u00bb text_font_size_tablet=\u00bb15px\u00bb text_font_size_phone=\u00bb14px\u00bb text_font_size_last_edited=\u00bbon|phone\u00bb locked=\u00bboff\u00bb global_colors_info=\u00bb{}\u00bb]<\/p>\n<p><strong>Condiciones:<\/strong><\/p>\n<ul>\n<li>Monto m\u00ednimo: <strong>$1.000.000<\/strong>.<\/li>\n<li>Plazo m\u00ednimo: <strong>90 d\u00edas<\/strong>, renovable hasta 540 d\u00edas o m\u00e1s.<\/li>\n<li>Tasas vigentes (sujetas a cambio sin previo aviso).<\/li>\n<li>Se constituye \u00fanicamente a nombre del asociado activo.<\/li>\n<li>No es negociable, transferible, canjeable ni fraccionable.<\/li>\n<li>Solo redimible al vencimiento. No se permiten retiros parciales.<\/li>\n<li>Renovaci\u00f3n autom\u00e1tica si no hay solicitud previa de redenci\u00f3n. Los intereses generados quedar\u00e1n a disposici\u00f3n del titular.<\/li>\n<\/ul>\n<p>[\/et_pb_text][et_pb_button button_url=\u00bbhttps:\/\/www.foebbva.com\/wp-content\/uploads\/2026\/03\/reglamento_ahorros.pdf\u00bb button_text=\u00bbConoce aqu\u00ed el Reglamento de Ahorros\u00bb button_alignment=\u00bbleft\u00bb _builder_version=\u00bb4.27.6&#8243; _module_preset=\u00bbdefault\u00bb custom_button=\u00bbon\u00bb button_text_size=\u00bb16px\u00bb button_text_color=\u00bb#000000&#8243; button_bg_color=\u00bb#84d110&#8243; button_border_color=\u00bbRGBA(255,255,255,0)\u00bb custom_margin=\u00bb||6px|||\u00bb locked=\u00bboff\u00bb global_colors_info=\u00bb{}\u00bb button_border_color__hover_enabled=\u00bbon|hover\u00bb button_border_color__hover=\u00bb#FFFFFF\u00bb button_bg_color__hover_enabled=\u00bbon|desktop\u00bb button_bg_color__hover=\u00bbRGBA(255,255,255,0)\u00bb button_bg_enable_color__hover=\u00bbon\u00bb][\/et_pb_button][et_pb_text _builder_version=\u00bb4.27.5&#8243; _module_preset=\u00bbfb3d65bf-a8b3-4897-95f4-4b2325e4d896&#8243; text_font=\u00bb|300|||||||\u00bb text_line_height=\u00bb1.5em\u00bb link_text_color=\u00bb#003E51&#8243; custom_margin=\u00bb||0px|||\u00bb text_font_size_tablet=\u00bb15px\u00bb text_font_size_phone=\u00bb14px\u00bb text_font_size_last_edited=\u00bbon|phone\u00bb locked=\u00bboff\u00bb global_colors_info=\u00bb{}\u00bb]<\/p>\n<p>*Las tasas de inter\u00e9s est\u00e1n sujetas a cambios seg\u00fan las decisiones de la Junta Directiva.<\/p>\n<p>[\/et_pb_text][\/et_pb_column][\/et_pb_row][\/et_pb_section]<\/p>\n","protected":false},"excerpt":{"rendered":"<p>Ahorros e Inversi\u00f3nConstruye tu futuro con alternativas de ahorro e inversi\u00f3n que trabajan a tu favor.Ahorra de forma constante, haz crecer tu dinero y accede a beneficios dise\u00f1ados para ayudarte a cumplir tus metas, con una rentabilidad competitiva y condiciones claras. Reconocimiento de intereses: seg\u00fan productos sin penalizaci\u00f3n. L\u00edneas de AhorroAhorros PermanentesAportes Sociales y Ahorro [&hellip;]<\/p>\n","protected":false},"author":1,"featured_media":0,"parent":0,"menu_order":0,"comment_status":"closed","ping_status":"closed","template":"","meta":{"_et_pb_use_builder":"on","_et_pb_old_content":"","_et_gb_content_width":"","footnotes":""},"class_list":["post-262","page","type-page","status-publish","hentry"],"_links":{"self":[{"href":"https:\/\/www.foebbva.com\/index.php\/wp-json\/wp\/v2\/pages\/262","targetHints":{"allow":["GET"]}}],"collection":[{"href":"https:\/\/www.foebbva.com\/index.php\/wp-json\/wp\/v2\/pages"}],"about":[{"href":"https:\/\/www.foebbva.com\/index.php\/wp-json\/wp\/v2\/types\/page"}],"author":[{"embeddable":true,"href":"https:\/\/www.foebbva.com\/index.php\/wp-json\/wp\/v2\/users\/1"}],"replies":[{"embeddable":true,"href":"https:\/\/www.foebbva.com\/index.php\/wp-json\/wp\/v2\/comments?post=262"}],"version-history":[{"count":79,"href":"https:\/\/www.foebbva.com\/index.php\/wp-json\/wp\/v2\/pages\/262\/revisions"}],"predecessor-version":[{"id":1556,"href":"https:\/\/www.foebbva.com\/index.php\/wp-json\/wp\/v2\/pages\/262\/revisions\/1556"}],"wp:attachment":[{"href":"https:\/\/www.foebbva.com\/index.php\/wp-json\/wp\/v2\/media?parent=262"}],"curies":[{"name":"wp","href":"https:\/\/api.w.org\/{rel}","templated":true}]}}