{"id":124,"date":"2026-01-17T00:14:57","date_gmt":"2026-01-17T00:14:57","guid":{"rendered":"https:\/\/demo.foebbva.com\/wpfoe\/?page_id=124"},"modified":"2026-03-31T16:59:50","modified_gmt":"2026-03-31T16:59:50","slug":"asociate","status":"publish","type":"page","link":"https:\/\/www.foebbva.com\/index.php\/asociate\/","title":{"rendered":"AS\u00d3CIATE"},"content":{"rendered":"<p>[et_pb_section fb_built=\u00bb1&#8243; admin_label=\u00bbHeader\u00bb _builder_version=\u00bb4.27.5&#8243; _module_preset=\u00bbdefault\u00bb background_color=\u00bb#cee8ff\u00bb custom_padding=\u00bb33px||3px|||\u00bb locked=\u00bboff\u00bb global_colors_info=\u00bb{}\u00bb][et_pb_row column_structure=\u00bb3_5,2_5&#8243; use_custom_gutter=\u00bbon\u00bb gutter_width=\u00bb2&#8243; _builder_version=\u00bb4.27.5&#8243; _module_preset=\u00bbdefault\u00bb custom_margin=\u00bb|auto|-4px|auto|false|false\u00bb custom_margin_tablet=\u00bb||0px||false|false\u00bb custom_margin_phone=\u00bb\u00bb custom_margin_last_edited=\u00bbon|phone\u00bb custom_padding=\u00bb||0px|||\u00bb locked=\u00bboff\u00bb global_colors_info=\u00bb{}\u00bb][et_pb_column type=\u00bb3_5&#8243; _builder_version=\u00bb4.16&#8243; _module_preset=\u00bbdefault\u00bb custom_padding=\u00bb6%||||false|false\u00bb global_colors_info=\u00bb{}\u00bb][et_pb_text _builder_version=\u00bb4.27.6&#8243; _module_preset=\u00bbdefault\u00bb header_font=\u00bb|800|||||||\u00bb header_text_color=\u00bb#1164AD\u00bb header_line_height=\u00bb1.1em\u00bb header_2_font=\u00bb|||on|||||\u00bb header_2_text_color=\u00bb#0034B7&#8243; header_2_font_size=\u00bb14px\u00bb header_2_letter_spacing=\u00bb1px\u00bb header_2_line_height=\u00bb1.3em\u00bb custom_margin=\u00bb25px||4px|||\u00bb text_font_size_tablet=\u00bb\u00bb text_font_size_phone=\u00bb\u00bb text_font_size_last_edited=\u00bbon|desktop\u00bb header_font_size_tablet=\u00bb44px\u00bb header_font_size_phone=\u00bb32px\u00bb header_font_size_last_edited=\u00bbon|phone\u00bb global_colors_info=\u00bb{}\u00bb]<\/p>\n<h1><strong>\u00bfPor qu\u00e9 asociarte?<\/strong><\/h1>\n<p>[\/et_pb_text][et_pb_text _builder_version=\u00bb4.27.6&#8243; _module_preset=\u00bbfb3d65bf-a8b3-4897-95f4-4b2325e4d896&#8243; text_font_size=\u00bb16px\u00bb link_text_color=\u00bb#003E51&#8243; text_orientation=\u00bbjustified\u00bb text_font_size_tablet=\u00bb\u00bb text_font_size_phone=\u00bb\u00bb text_font_size_last_edited=\u00bbon|desktop\u00bb global_colors_info=\u00bb{}\u00bb]<\/p>\n<p style=\"text-align: justify;\">Asociarte al Fondo de Empleados BBVA es tomar una decisi\u00f3n que impacta positivamente tu bienestar financiero y el de tu familia. En el FOE encuentras una soluci\u00f3n integral que te acompa\u00f1a en el cumplimiento de tus proyectos de vida, con respaldo, confianza y sentido solidario.<\/p>\n<p style=\"text-align: justify;\">El FOE es m\u00e1s que un fondo: es un aliado que te ayuda a avanzar con seguridad hacia el futuro que deseas construir.<\/p>\n<p>[\/et_pb_text][et_pb_button button_url=\u00bbhttps:\/\/virtual.foebbva.com\/cdigital\/aplicacion\/index-publico.html?id=54ed42b1373e4493af384e47c976c7a7&#038;st=1&#038;_gl=1*18efwak*_ga*MzM0NDY1NDk3LjE3NTgyMjkzMzA.*_ga_D4KEDXV4ZF*czE3NjQzNDQ5NjYkbzk5JGcxJHQxNzY0MzQ0OTY3JGo1OSRsMCRoMA..#\/registrar-usuario\u00bb button_text=\u00bbFormulario de vinculaci\u00f3n\u00bb _builder_version=\u00bb4.27.6&#8243; _module_preset=\u00bbdefault\u00bb custom_button=\u00bbon\u00bb button_text_size=\u00bb11px\u00bb button_text_color=\u00bb#FFFFFF\u00bb button_bg_color=\u00bb#0034B7&#8243; button_border_width=\u00bb0px\u00bb button_border_radius=\u00bb100px\u00bb button_letter_spacing=\u00bb1px\u00bb button_font=\u00bbRoboto|700||on|||||\u00bb button_icon=\u00bb&#xf101;||fa||900&#8243; button_icon_color=\u00bb#FFFFFF\u00bb button_on_hover=\u00bboff\u00bb transform_translate_linked__hover=\u00bboff\u00bb custom_margin=\u00bb||||false|false\u00bb custom_padding=\u00bb7px|43px|7px|24px|true|false\u00bb locked=\u00bboff\u00bb global_colors_info=\u00bb{}\u00bb button_bg_color__hover_enabled=\u00bbon|hover\u00bb button_bg_color__hover=\u00bb#89DB12&#8243; button_bg_enable_color__hover=\u00bbon\u00bb button_text_color__hover_enabled=\u00bbon|hover\u00bb button_text_color__hover=\u00bb#0034B7&#8243; transform_styles__hover_enabled=\u00bbon|hover\u00bb transform_scale__hover_enabled=\u00bbon|hover\u00bb transform_translate__hover_enabled=\u00bbon|desktop\u00bb transform_rotate__hover_enabled=\u00bbon|desktop\u00bb transform_skew__hover_enabled=\u00bbon|desktop\u00bb transform_origin__hover_enabled=\u00bbon|desktop\u00bb transform_scale__hover=\u00bb99%|99%\u00bb transform_translate__hover=\u00bb12px|0px\u00bb custom_padding__hover_enabled=\u00bbon|hover\u00bb custom_padding__hover=\u00bb|57px||53px|true|false\u00bb][\/et_pb_button][et_pb_button button_url=\u00bbhttps:\/\/www.foebbva.com\/wp-content\/uploads\/2026\/03\/requisitos_ser_parte_familia_foe.pdf\u00bb url_new_window=\u00bbon\u00bb button_text=\u00bbRequisitos para ser parte de la familia FOE \u00bb _builder_version=\u00bb4.27.6&#8243; _module_preset=\u00bbdefault\u00bb custom_button=\u00bbon\u00bb button_text_size=\u00bb11px\u00bb button_text_color=\u00bb#2B2B2B\u00bb button_bg_color=\u00bb#89DB12&#8243; button_border_width=\u00bb0px\u00bb button_border_radius=\u00bb100px\u00bb button_letter_spacing=\u00bb1px\u00bb button_font=\u00bbRoboto|700||on|||||\u00bb button_icon=\u00bb&#xf101;||fa||900&#8243; button_icon_color=\u00bb#FFFFFF\u00bb button_on_hover=\u00bboff\u00bb transform_translate_linked__hover=\u00bboff\u00bb custom_margin=\u00bb||||false|false\u00bb custom_padding=\u00bb11px|37px|11px|22px|true|false\u00bb locked=\u00bboff\u00bb global_colors_info=\u00bb{}\u00bb button_bg_color__hover_enabled=\u00bbon|hover\u00bb button_bg_color__hover=\u00bb#0034B7&#8243; button_bg_enable_color__hover=\u00bbon\u00bb button_text_color__hover_enabled=\u00bbon|hover\u00bb button_text_color__hover=\u00bb#FFFFFF\u00bb transform_styles__hover_enabled=\u00bbon|hover\u00bb transform_scale__hover_enabled=\u00bbon|hover\u00bb transform_translate__hover_enabled=\u00bbon|desktop\u00bb transform_rotate__hover_enabled=\u00bbon|desktop\u00bb transform_skew__hover_enabled=\u00bbon|desktop\u00bb transform_origin__hover_enabled=\u00bbon|desktop\u00bb transform_scale__hover=\u00bb99%|99%\u00bb transform_translate__hover=\u00bb22px|0px\u00bb][\/et_pb_button][\/et_pb_column][et_pb_column type=\u00bb2_5&#8243; _builder_version=\u00bb4.16&#8243; _module_preset=\u00bbdefault\u00bb global_colors_info=\u00bb{}\u00bb][et_pb_image src=\u00bbhttps:\/\/demo.foebbva.com\/wpfoe\/wp-content\/uploads\/2026\/03\/asociate_2_v2.png\u00bb title_text=\u00bbasociate_2_v2&#8243; _builder_version=\u00bb4.27.6&#8243; _module_preset=\u00bbdefault\u00bb transform_scale=\u00bb96%|96%\u00bb transform_translate=\u00bb15px|-77px\u00bb custom_margin=\u00bb0px|||12px|false|false\u00bb scroll_horizontal_motion=\u00bb0|50|50|100|0|-1|1&#8243; scroll_blur_enable=\u00bbon\u00bb scroll_blur=\u00bb0|40|85|100|10px|0px|5px\u00bb hover_enabled=\u00bb0&#8243; global_colors_info=\u00bb{}\u00bb sticky_enabled=\u00bb0&#8243;][\/et_pb_image][\/et_pb_column][\/et_pb_row][\/et_pb_section][et_pb_section fb_built=\u00bb1&#8243; admin_label=\u00bbFeature\u00bb _builder_version=\u00bb4.16&#8243; _module_preset=\u00bbdefault\u00bb global_colors_info=\u00bb{}\u00bb][et_pb_row column_structure=\u00bb1_3,2_3&#8243; _builder_version=\u00bb4.27.5&#8243; _module_preset=\u00bbdefault\u00bb custom_margin=\u00bb|auto|41px|auto||\u00bb locked=\u00bboff\u00bb global_colors_info=\u00bb{}\u00bb][et_pb_column type=\u00bb1_3&#8243; _builder_version=\u00bb4.16&#8243; _module_preset=\u00bbdefault\u00bb global_colors_info=\u00bb{}\u00bb][et_pb_image src=\u00bbhttps:\/\/demo.foebbva.com\/wpfoe\/wp-content\/uploads\/2026\/03\/asociarte_foe_1.png\u00bb title_text=\u00bbasociarte_foe_1&#8243; _builder_version=\u00bb4.27.6&#8243; _module_preset=\u00bbdefault\u00bb transform_scale=\u00bb132%|132%\u00bb transform_translate=\u00bb0px|-2px\u00bb custom_margin=\u00bb||0px||false|false\u00bb scroll_vertical_motion_enable=\u00bbon\u00bb scroll_vertical_motion=\u00bb0|50|50|100|0.5|0|-0.5&#8243; border_radii=\u00bboff|250px||250px|250px\u00bb global_colors_info=\u00bb{}\u00bb][\/et_pb_image][\/et_pb_column][et_pb_column type=\u00bb2_3&#8243; _builder_version=\u00bb4.27.5&#8243; _module_preset=\u00bbdefault\u00bb custom_padding=\u00bb23px||||false|false\u00bb global_colors_info=\u00bb{}\u00bb][et_pb_text _builder_version=\u00bb4.27.5&#8243; _module_preset=\u00bb1da4c4f2-8e53-4788-a9f5-4d073216150a\u00bb header_2_font=\u00bb|800|||||||\u00bb header_2_text_color=\u00bb#0034B7&#8243; header_2_font_size=\u00bb30px\u00bb header_2_line_height=\u00bb1.1em\u00bb custom_margin=\u00bb||3px|||\u00bb header_2_font_size_tablet=\u00bb34px\u00bb header_2_font_size_phone=\u00bb24px\u00bb header_2_font_size_last_edited=\u00bbon|phone\u00bb locked=\u00bboff\u00bb global_colors_info=\u00bb{}\u00bb]<\/p>\n<h2><strong>Asociarte al FOE te permite:<\/strong><\/h2>\n<p>[\/et_pb_text][et_pb_divider color=\u00bb#959595&#8243; _builder_version=\u00bb4.16&#8243; _module_preset=\u00bbdefault\u00bb width=\u00bb40%\u00bb module_alignment=\u00bbleft\u00bb custom_margin=\u00bb||2px|||\u00bb custom_padding=\u00bb||0px|||\u00bb locked=\u00bboff\u00bb global_colors_info=\u00bb{}\u00bb][\/et_pb_divider][et_pb_text _builder_version=\u00bb4.27.5&#8243; _module_preset=\u00bbfb3d65bf-a8b3-4897-95f4-4b2325e4d896&#8243; text_font_size=\u00bb16px\u00bb text_line_height=\u00bb1.8em\u00bb link_text_color=\u00bb#003E51&#8243; text_orientation=\u00bbjustified\u00bb custom_margin=\u00bb-2px|||||\u00bb text_font_size_tablet=\u00bb15px\u00bb text_font_size_phone=\u00bb14px\u00bb text_font_size_last_edited=\u00bbon|phone\u00bb locked=\u00bboff\u00bb global_colors_info=\u00bb{}\u00bb]<\/p>\n<ul>\n<li><strong>Hacer crecer tu dinero<\/strong> con alternativas de ahorro que generan excelente rentabilidad.<\/li>\n<li><strong>Acceder a cr\u00e9ditos con beneficios especiales<\/strong>, r\u00e1pidos y pensados para tus necesidades.<\/li>\n<li><strong>Disfrutar convenios y servicios exclusivos<\/strong> que impulsan tu bienestar econ\u00f3mico, social y familiar.<\/li>\n<li><strong>Vivir experiencias y actividades de integraci\u00f3n<\/strong>, fortaleciendo el sentido de comunidad.<\/li>\n<li><strong>Recibir beneficios adicionales<\/strong>, como nuestro obsequio para asociados en diferentes \u00e9pocas.<\/li>\n<\/ul>\n<ul>\n<li><strong>Contar con acompa\u00f1amiento permanente <\/strong>y soluciones oportunas para cada necesidad.<\/li>\n<li><strong>Recibir retorno<\/strong> de los excedentes anuales<\/li>\n<li><strong>Acceder a la revalorizaci\u00f3n anual<\/strong> de tus aportes sociales.<\/li>\n<li><strong>Disponer de fondos de bienestar social <\/strong>para calamidades, situaciones de salud o fallecimiento asociados.<\/li>\n<\/ul>\n<p>En el FOE encuentras oportunidades que cuidan tu bienestar y te acercan a tus objetivos, todo en un mismo lugar.<\/p>\n<p>[\/et_pb_text][\/et_pb_column][\/et_pb_row][et_pb_row column_structure=\u00bb1_4,3_4&#8243; use_custom_gutter=\u00bbon\u00bb gutter_width=\u00bb2&#8243; _builder_version=\u00bb4.27.6&#8243; _module_preset=\u00bbdefault\u00bb background_color=\u00bb#1164AD\u00bb custom_margin=\u00bb||||false|false\u00bb custom_padding=\u00bb40px|21px|30px|21px|false|true\u00bb border_radii=\u00bbon|40px|40px|40px|40px\u00bb global_colors_info=\u00bb{}\u00bb][et_pb_column type=\u00bb1_4&#8243; _builder_version=\u00bb4.27.5&#8243; _module_preset=\u00bbdefault\u00bb global_colors_info=\u00bb{}\u00bb][et_pb_image src=\u00bbhttps:\/\/demo.foebbva.com\/wpfoe\/wp-content\/uploads\/2026\/01\/cropped-fivicon.png\u00bb title_text=\u00bbcropped-fivicon\u00bb align=\u00bbcenter\u00bb _builder_version=\u00bb4.27.5&#8243; _module_preset=\u00bbdefault\u00bb width=\u00bb64%\u00bb custom_margin=\u00bb24px||24px|||\u00bb hover_enabled=\u00bb0&#8243; global_colors_info=\u00bb{}\u00bb sticky_enabled=\u00bb0&#8243;][\/et_pb_image][\/et_pb_column][et_pb_column type=\u00bb3_4&#8243; _builder_version=\u00bb4.27.5&#8243; _module_preset=\u00bbdefault\u00bb global_colors_info=\u00bb{}\u00bb][et_pb_text _builder_version=\u00bb4.27.6&#8243; _module_preset=\u00bbfb3d65bf-a8b3-4897-95f4-4b2325e4d896&#8243; text_text_color=\u00bb#FFFFFF\u00bb text_font_size=\u00bb16px\u00bb text_line_height=\u00bb1.8em\u00bb link_text_color=\u00bb#003E51&#8243; text_orientation=\u00bbjustified\u00bb custom_margin=\u00bb-2px|||||\u00bb text_font_size_tablet=\u00bb15px\u00bb text_font_size_phone=\u00bb14px\u00bb text_font_size_last_edited=\u00bbon|phone\u00bb locked=\u00bboff\u00bb global_colors_info=\u00bb{}\u00bb]<\/p>\n<p><strong>Puedes asociarte <\/strong>si eres trabajador, pensionado o formaste parte de algunas de las empresas vinculadas al BBVA:<\/p>\n<ul>\n<li>Banco, Fiduciaria y Seguros BBVA<\/li>\n<li>Bancam\u00eda<\/li>\n<li>Comercializadora de Servicios Financieros<\/li>\n<li>Open Pay<\/li>\n<li>Concesi\u00f3n de Paraguach\u00f3n y Concesi\u00f3n llanos<\/li>\n<\/ul>\n<p>[\/et_pb_text][\/et_pb_column][\/et_pb_row][\/et_pb_section]<\/p>\n","protected":false},"excerpt":{"rendered":"<p>\u00bfPor qu\u00e9 asociarte?Asociarte al Fondo de Empleados BBVA es tomar una decisi\u00f3n que impacta positivamente tu bienestar financiero y el de tu familia. En el FOE encuentras una soluci\u00f3n integral que te acompa\u00f1a en el cumplimiento de tus proyectos de vida, con respaldo, confianza y sentido solidario. El FOE es m\u00e1s que un fondo: es [&hellip;]<\/p>\n","protected":false},"author":1,"featured_media":0,"parent":0,"menu_order":0,"comment_status":"closed","ping_status":"closed","template":"","meta":{"_et_pb_use_builder":"on","_et_pb_old_content":"","_et_gb_content_width":"","footnotes":""},"class_list":["post-124","page","type-page","status-publish","hentry"],"_links":{"self":[{"href":"https:\/\/www.foebbva.com\/index.php\/wp-json\/wp\/v2\/pages\/124","targetHints":{"allow":["GET"]}}],"collection":[{"href":"https:\/\/www.foebbva.com\/index.php\/wp-json\/wp\/v2\/pages"}],"about":[{"href":"https:\/\/www.foebbva.com\/index.php\/wp-json\/wp\/v2\/types\/page"}],"author":[{"embeddable":true,"href":"https:\/\/www.foebbva.com\/index.php\/wp-json\/wp\/v2\/users\/1"}],"replies":[{"embeddable":true,"href":"https:\/\/www.foebbva.com\/index.php\/wp-json\/wp\/v2\/comments?post=124"}],"version-history":[{"count":39,"href":"https:\/\/www.foebbva.com\/index.php\/wp-json\/wp\/v2\/pages\/124\/revisions"}],"predecessor-version":[{"id":1547,"href":"https:\/\/www.foebbva.com\/index.php\/wp-json\/wp\/v2\/pages\/124\/revisions\/1547"}],"wp:attachment":[{"href":"https:\/\/www.foebbva.com\/index.php\/wp-json\/wp\/v2\/media?parent=124"}],"curies":[{"name":"wp","href":"https:\/\/api.w.org\/{rel}","templated":true}]}}